

{"id":2527,"date":"2024-02-21T11:35:01","date_gmt":"2024-02-21T10:35:01","guid":{"rendered":"https:\/\/mysticroom.dev.peterteszary.com\/?page_id=2527"},"modified":"2024-03-11T14:05:16","modified_gmt":"2024-03-11T13:05:16","slug":"building-an-escape-room","status":"publish","type":"page","link":"https:\/\/mysticroom.dev.peterteszary.com\/en\/building-an-escape-room\/","title":{"rendered":"Building an Escape Room"},"content":{"rendered":"<p style=\"text-align: center;\">Design and construction of ecsape rooms, from concept to reality!<\/p>\n<p style=\"text-align: center;\">An escape room can be not only a stand-alone unit, but also an interactive and educational tool to bring any topic closer to the audience and present it in a way that is enjoyable for young people. The MystIQueRoom team has not stopped at building its own on-site escape room solutions (which are constantly expanding), but has built exciting and sophisticated escape rooms in many locations in Hungary and abroad.<\/p>\n<p style=\"text-align: center;\">If you are thinking of doing something like this and would like to work with a truly innovative team, contact us at info@mysticroom.dev.peterteszary.com! If you still have any doubts, we&#8217;ll show you in the video, that nothing is impossible with us:<\/p>\n<p style=\"text-align: center;\"><iframe title=\"Mystiqueroom SZABADUL\u00d3SZOBA \u00c9P\u00cdT\u00c9S\" width=\"1080\" height=\"608\" data-src=\"https:\/\/www.youtube.com\/embed\/oVyiTPDqbxM?feature=oembed\" frameborder=\"0\" allow=\"accelerometer; autoplay; clipboard-write; encrypted-media; gyroscope; picture-in-picture; web-share\" referrerpolicy=\"strict-origin-when-cross-origin\" allowfullscreen src=\"data:image\/svg+xml;base64,PHN2ZyB3aWR0aD0iMSIgaGVpZ2h0PSIxIiB4bWxucz0iaHR0cDovL3d3dy53My5vcmcvMjAwMC9zdmciPjwvc3ZnPg==\" class=\"lazyload\" data-load-mode=\"1\"><\/iframe><\/p>\n<p style=\"text-align: center;\">&#8211; More than 25 escape rooms have been built, both in Hungary and abroad.<\/p>\n<p style=\"text-align: center;\">&#8211; Complete escape rooms or stand-alone play elements at short notice.<\/p>\n<p style=\"text-align: center;\">&#8211; Construction of educational adventure games based on real data.<\/p>\n<p style=\"text-align: center;\">&#8211; Construction of 3rd and 4th generation, high-tech-looking adventure rooms.<\/p>\n<p style=\"text-align: center;\">&#8211; Excellent addition to interactive museum exhibitions.<\/p>\n<p style=\"text-align: center;\">&#8211; From the first idea to the design and construction phase &#8211;<br \/>\nescape room ideas (based on our experience so far).<\/p>\n<p style=\"text-align: center;\">&#8211; Ongoing consultation on the design and layout of the games.<\/p>\n<p style=\"text-align: center;\">&#8211; Think outside of the Box theory in mind.<\/p>\n<p style=\"text-align: center;\">&#8211; Making fun toys for adults and children.<\/p>\n<p>&nbsp;<\/p>\n<p>&nbsp;<\/p>\n<p>Keszthely &#8211; Balaton Museum:<\/p>\n<p><img decoding=\"async\" class=\"wp-image-1307 aligncenter lazyload\" data-src=\"https:\/\/mysticroom.dev.peterteszary.com\/wp-content\/uploads\/2022\/09\/elotte-utana2-300x56.png\" alt=\"\" width=\"991\" height=\"185\" data-srcset=\"https:\/\/mysticroom.dev.peterteszary.com\/wp-content\/uploads\/2022\/09\/elotte-utana2-300x56.png 300w, https:\/\/mysticroom.dev.peterteszary.com\/wp-content\/uploads\/2022\/09\/elotte-utana2-1024x192.png 1024w, https:\/\/mysticroom.dev.peterteszary.com\/wp-content\/uploads\/2022\/09\/elotte-utana2-768x144.png 768w, https:\/\/mysticroom.dev.peterteszary.com\/wp-content\/uploads\/2022\/09\/elotte-utana2.png 1300w\" data-sizes=\"(max-width: 991px) 100vw, 991px\" src=\"data:image\/svg+xml;base64,PHN2ZyB3aWR0aD0iMSIgaGVpZ2h0PSIxIiB4bWxucz0iaHR0cDovL3d3dy53My5vcmcvMjAwMC9zdmciPjwvc3ZnPg==\" style=\"--smush-placeholder-width: 991px; --smush-placeholder-aspect-ratio: 991\/185;\" \/><\/p>\n<p>K\u00e1poln\u00e1sny\u00e9k &#8211; Hal\u00e1sz Castle:<\/p>\n<p><img decoding=\"async\" class=\"wp-image-2217 aligncenter lazyload\" data-src=\"https:\/\/mysticroom.dev.peterteszary.com\/wp-content\/uploads\/2023\/08\/elotte-utana-kapolnesnyek2-300x56.png\" alt=\"\" width=\"991\" height=\"185\" data-srcset=\"https:\/\/mysticroom.dev.peterteszary.com\/wp-content\/uploads\/2023\/08\/elotte-utana-kapolnesnyek2-300x56.png 300w, https:\/\/mysticroom.dev.peterteszary.com\/wp-content\/uploads\/2023\/08\/elotte-utana-kapolnesnyek2-1024x192.png 1024w, https:\/\/mysticroom.dev.peterteszary.com\/wp-content\/uploads\/2023\/08\/elotte-utana-kapolnesnyek2-768x144.png 768w, https:\/\/mysticroom.dev.peterteszary.com\/wp-content\/uploads\/2023\/08\/elotte-utana-kapolnesnyek2.png 1300w\" data-sizes=\"(max-width: 991px) 100vw, 991px\" src=\"data:image\/svg+xml;base64,PHN2ZyB3aWR0aD0iMSIgaGVpZ2h0PSIxIiB4bWxucz0iaHR0cDovL3d3dy53My5vcmcvMjAwMC9zdmciPjwvc3ZnPg==\" style=\"--smush-placeholder-width: 991px; --smush-placeholder-aspect-ratio: 991\/185;\" \/><\/p>\n<p>Pom\u00e1z &#8211; Teleki-Wattay Castle:<\/p>\n<p><img decoding=\"async\" class=\"wp-image-2222 aligncenter lazyload\" data-src=\"https:\/\/mysticroom.dev.peterteszary.com\/wp-content\/uploads\/2023\/08\/elotte-utana-pomaz-300x56.png\" alt=\"\" width=\"991\" height=\"185\" data-srcset=\"https:\/\/mysticroom.dev.peterteszary.com\/wp-content\/uploads\/2023\/08\/elotte-utana-pomaz-300x56.png 300w, https:\/\/mysticroom.dev.peterteszary.com\/wp-content\/uploads\/2023\/08\/elotte-utana-pomaz-1024x192.png 1024w, https:\/\/mysticroom.dev.peterteszary.com\/wp-content\/uploads\/2023\/08\/elotte-utana-pomaz-768x144.png 768w, https:\/\/mysticroom.dev.peterteszary.com\/wp-content\/uploads\/2023\/08\/elotte-utana-pomaz.png 1300w\" data-sizes=\"(max-width: 991px) 100vw, 991px\" src=\"data:image\/svg+xml;base64,PHN2ZyB3aWR0aD0iMSIgaGVpZ2h0PSIxIiB4bWxucz0iaHR0cDovL3d3dy53My5vcmcvMjAwMC9zdmciPjwvc3ZnPg==\" style=\"--smush-placeholder-width: 991px; --smush-placeholder-aspect-ratio: 991\/185;\" \/><\/p>\n<p>Veszpr\u00e9m &#8211; Menek\u00fclj.hu Escape Room:<\/p>\n<p><img decoding=\"async\" class=\"wp-image-2458 aligncenter lazyload\" data-src=\"https:\/\/mysticroom.dev.peterteszary.com\/wp-content\/uploads\/2024\/02\/elotte-utana-veszprem-300x56.png\" alt=\"\" width=\"992\" height=\"185\" data-srcset=\"https:\/\/mysticroom.dev.peterteszary.com\/wp-content\/uploads\/2024\/02\/elotte-utana-veszprem-300x56.png 300w, https:\/\/mysticroom.dev.peterteszary.com\/wp-content\/uploads\/2024\/02\/elotte-utana-veszprem-1024x192.png 1024w, https:\/\/mysticroom.dev.peterteszary.com\/wp-content\/uploads\/2024\/02\/elotte-utana-veszprem-768x144.png 768w, https:\/\/mysticroom.dev.peterteszary.com\/wp-content\/uploads\/2024\/02\/elotte-utana-veszprem.png 1300w\" data-sizes=\"(max-width: 992px) 100vw, 992px\" src=\"data:image\/svg+xml;base64,PHN2ZyB3aWR0aD0iMSIgaGVpZ2h0PSIxIiB4bWxucz0iaHR0cDovL3d3dy53My5vcmcvMjAwMC9zdmciPjwvc3ZnPg==\" style=\"--smush-placeholder-width: 992px; --smush-placeholder-aspect-ratio: 992\/185;\" \/><\/p>\n<p style=\"text-align: center;\">Those who have already chosen us:<\/p>\n<p><a href=\"http:\/\/www.halaszkastely.hu\/\" target=\"_blank\" rel=\"noopener\"><img decoding=\"async\" class=\"alignnone wp-image-2202 lazyload\" data-src=\"https:\/\/mysticroom.dev.peterteszary.com\/wp-content\/uploads\/2023\/08\/halasz-kastely-logo-300x300.png\" alt=\"\" width=\"170\" height=\"170\" data-srcset=\"https:\/\/mysticroom.dev.peterteszary.com\/wp-content\/uploads\/2023\/08\/halasz-kastely-logo-300x300.png 300w, https:\/\/mysticroom.dev.peterteszary.com\/wp-content\/uploads\/2023\/08\/halasz-kastely-logo-150x150.png 150w, https:\/\/mysticroom.dev.peterteszary.com\/wp-content\/uploads\/2023\/08\/halasz-kastely-logo.png 600w\" data-sizes=\"(max-width: 170px) 100vw, 170px\" src=\"data:image\/svg+xml;base64,PHN2ZyB3aWR0aD0iMSIgaGVpZ2h0PSIxIiB4bWxucz0iaHR0cDovL3d3dy53My5vcmcvMjAwMC9zdmciPjwvc3ZnPg==\" style=\"--smush-placeholder-width: 170px; --smush-placeholder-aspect-ratio: 170\/170;\" \/><\/a>\u00a0 \u00a0 \u00a0 <a href=\"https:\/\/telekiwattaykastely.hu\/\" target=\"_blank\" rel=\"noopener\"><img decoding=\"async\" class=\"wp-image-1297 alignleft lazyload\" data-src=\"https:\/\/mysticroom.dev.peterteszary.com\/wp-content\/uploads\/2022\/09\/wattay-logo-1-300x300.png\" alt=\"\" width=\"170\" height=\"170\" data-srcset=\"https:\/\/mysticroom.dev.peterteszary.com\/wp-content\/uploads\/2022\/09\/wattay-logo-1-300x300.png 300w, https:\/\/mysticroom.dev.peterteszary.com\/wp-content\/uploads\/2022\/09\/wattay-logo-1-150x150.png 150w, https:\/\/mysticroom.dev.peterteszary.com\/wp-content\/uploads\/2022\/09\/wattay-logo-1.png 600w\" data-sizes=\"(max-width: 170px) 100vw, 170px\" src=\"data:image\/svg+xml;base64,PHN2ZyB3aWR0aD0iMSIgaGVpZ2h0PSIxIiB4bWxucz0iaHR0cDovL3d3dy53My5vcmcvMjAwMC9zdmciPjwvc3ZnPg==\" style=\"--smush-placeholder-width: 170px; --smush-placeholder-aspect-ratio: 170\/170;\" \/><\/a>\u00a0 \u00a0 \u00a0 \u00a0 <a href=\"https:\/\/www.facebook.com\/kezilabda.muzeum.felsomocsolad\" target=\"_blank\" rel=\"noopener\"><img decoding=\"async\" class=\"wp-image-1295 alignnone lazyload\" data-src=\"https:\/\/mysticroom.dev.peterteszary.com\/wp-content\/uploads\/2022\/09\/felsomocsolad-logo-1-300x300.png\" alt=\"\" width=\"170\" height=\"170\" data-srcset=\"https:\/\/mysticroom.dev.peterteszary.com\/wp-content\/uploads\/2022\/09\/felsomocsolad-logo-1-300x300.png 300w, https:\/\/mysticroom.dev.peterteszary.com\/wp-content\/uploads\/2022\/09\/felsomocsolad-logo-1-150x150.png 150w, https:\/\/mysticroom.dev.peterteszary.com\/wp-content\/uploads\/2022\/09\/felsomocsolad-logo-1.png 600w\" data-sizes=\"(max-width: 170px) 100vw, 170px\" src=\"data:image\/svg+xml;base64,PHN2ZyB3aWR0aD0iMSIgaGVpZ2h0PSIxIiB4bWxucz0iaHR0cDovL3d3dy53My5vcmcvMjAwMC9zdmciPjwvc3ZnPg==\" style=\"--smush-placeholder-width: 170px; --smush-placeholder-aspect-ratio: 170\/170;\" \/>\u00a0 \u00a0 <\/a><a href=\"https:\/\/balatonimuzeum.hu\/\" target=\"_blank\" rel=\"noopener\"><img decoding=\"async\" class=\"wp-image-1284 lazyload\" data-src=\"https:\/\/mysticroom.dev.peterteszary.com\/wp-content\/uploads\/2022\/09\/balatoni-muzeum-logo-300x300.png\" alt=\"\" width=\"170\" height=\"170\" data-srcset=\"https:\/\/mysticroom.dev.peterteszary.com\/wp-content\/uploads\/2022\/09\/balatoni-muzeum-logo-300x300.png 300w, https:\/\/mysticroom.dev.peterteszary.com\/wp-content\/uploads\/2022\/09\/balatoni-muzeum-logo-150x150.png 150w, https:\/\/mysticroom.dev.peterteszary.com\/wp-content\/uploads\/2022\/09\/balatoni-muzeum-logo.png 600w\" data-sizes=\"(max-width: 170px) 100vw, 170px\" src=\"data:image\/svg+xml;base64,PHN2ZyB3aWR0aD0iMSIgaGVpZ2h0PSIxIiB4bWxucz0iaHR0cDovL3d3dy53My5vcmcvMjAwMC9zdmciPjwvc3ZnPg==\" style=\"--smush-placeholder-width: 170px; --smush-placeholder-aspect-ratio: 170\/170;\" \/><\/a><a href=\"https:\/\/www.mcpmuzeum.hu\/\" target=\"_blank\" rel=\"noopener\"><img decoding=\"async\" class=\"wp-image-1288 alignleft lazyload\" data-src=\"https:\/\/mysticroom.dev.peterteszary.com\/wp-content\/uploads\/2022\/09\/molnarcpal-logo-300x300.png\" alt=\"\" width=\"170\" height=\"170\" data-srcset=\"https:\/\/mysticroom.dev.peterteszary.com\/wp-content\/uploads\/2022\/09\/molnarcpal-logo-300x300.png 300w, https:\/\/mysticroom.dev.peterteszary.com\/wp-content\/uploads\/2022\/09\/molnarcpal-logo-150x150.png 150w, https:\/\/mysticroom.dev.peterteszary.com\/wp-content\/uploads\/2022\/09\/molnarcpal-logo.png 600w\" data-sizes=\"(max-width: 170px) 100vw, 170px\" src=\"data:image\/svg+xml;base64,PHN2ZyB3aWR0aD0iMSIgaGVpZ2h0PSIxIiB4bWxucz0iaHR0cDovL3d3dy53My5vcmcvMjAwMC9zdmciPjwvc3ZnPg==\" style=\"--smush-placeholder-width: 170px; --smush-placeholder-aspect-ratio: 170\/170;\" \/><\/a><\/p>\n<p>&nbsp;<\/p>\n<p><a href=\"https:\/\/www.lantichambre.paris\/\" target=\"_blank\" rel=\"noopener\"><img decoding=\"async\" class=\"wp-image-1293 alignleft lazyload\" data-src=\"https:\/\/mysticroom.dev.peterteszary.com\/wp-content\/uploads\/2022\/09\/antichambre-logo-1-300x300.png\" alt=\"\" width=\"171\" height=\"171\" data-srcset=\"https:\/\/mysticroom.dev.peterteszary.com\/wp-content\/uploads\/2022\/09\/antichambre-logo-1-300x300.png 300w, https:\/\/mysticroom.dev.peterteszary.com\/wp-content\/uploads\/2022\/09\/antichambre-logo-1-150x150.png 150w, https:\/\/mysticroom.dev.peterteszary.com\/wp-content\/uploads\/2022\/09\/antichambre-logo-1.png 600w\" data-sizes=\"(max-width: 171px) 100vw, 171px\" src=\"data:image\/svg+xml;base64,PHN2ZyB3aWR0aD0iMSIgaGVpZ2h0PSIxIiB4bWxucz0iaHR0cDovL3d3dy53My5vcmcvMjAwMC9zdmciPjwvc3ZnPg==\" style=\"--smush-placeholder-width: 171px; --smush-placeholder-aspect-ratio: 171\/171;\" \/><\/a><a href=\"https:\/\/menekulj.hu\/\" target=\"_blank\" rel=\"noopener\"><img decoding=\"async\" class=\"wp-image-2460 alignleft lazyload\" data-src=\"https:\/\/mysticroom.dev.peterteszary.com\/wp-content\/uploads\/2024\/02\/menekulj-300x300.png\" alt=\"\" width=\"171\" height=\"171\" data-srcset=\"https:\/\/mysticroom.dev.peterteszary.com\/wp-content\/uploads\/2024\/02\/menekulj-300x300.png 300w, https:\/\/mysticroom.dev.peterteszary.com\/wp-content\/uploads\/2024\/02\/menekulj-150x150.png 150w, https:\/\/mysticroom.dev.peterteszary.com\/wp-content\/uploads\/2024\/02\/menekulj.png 600w\" data-sizes=\"(max-width: 171px) 100vw, 171px\" src=\"data:image\/svg+xml;base64,PHN2ZyB3aWR0aD0iMSIgaGVpZ2h0PSIxIiB4bWxucz0iaHR0cDovL3d3dy53My5vcmcvMjAwMC9zdmciPjwvc3ZnPg==\" style=\"--smush-placeholder-width: 171px; --smush-placeholder-aspect-ratio: 171\/171;\" \/><\/a><\/p>\n<p>&nbsp;<\/p>\n","protected":false},"excerpt":{"rendered":"<p>Design and construction of ecsape rooms, from concept to reality! An escape room can be not only a stand-alone unit, but also an interactive and educational tool to bring any&#8230;<\/p>\n","protected":false},"author":4,"featured_media":0,"parent":0,"menu_order":0,"comment_status":"closed","ping_status":"closed","template":"","meta":{"inline_featured_image":false,"footnotes":""},"class_list":["post-2527","page","type-page","status-publish"],"yoast_head":"<!-- This site is optimized with the Yoast SEO plugin v26.8 - https:\/\/yoast.com\/product\/yoast-seo-wordpress\/ -->\n<title>Building an Escape Room - #1 Escape Room in Budapest Downtown - MystiqueRoom<\/title>\n<meta name=\"robots\" content=\"noindex, follow, max-snippet:-1, max-image-preview:large, max-video-preview:-1\" \/>\n<meta property=\"og:locale\" content=\"en_US\" \/>\n<meta property=\"og:type\" content=\"article\" \/>\n<meta property=\"og:title\" content=\"Building an Escape Room - #1 Escape Room in Budapest Downtown - MystiqueRoom\" \/>\n<meta property=\"og:description\" content=\"Design and construction of ecsape rooms, from concept to reality! An escape room can be not only a stand-alone unit, but also an interactive and educational tool to bring any...\" \/>\n<meta property=\"og:url\" content=\"https:\/\/mysticroom.dev.peterteszary.com\/szabaduloszobaepites\/\" \/>\n<meta property=\"og:site_name\" content=\"#1 Escape Room in Budapest Downtown - MystiqueRoom\" \/>\n<meta property=\"article:modified_time\" content=\"2024-03-11T13:05:16+00:00\" \/>\n<meta property=\"og:image\" content=\"https:\/\/mysticroom.dev.peterteszary.com\/wp-content\/uploads\/2022\/09\/elotte-utana2-300x56.png\" \/>\n<meta name=\"twitter:card\" content=\"summary_large_image\" \/>\n<meta name=\"twitter:label1\" content=\"Est. reading time\" \/>\n\t<meta name=\"twitter:data1\" content=\"4 minutes\" \/>\n<script type=\"application\/ld+json\" class=\"yoast-schema-graph\">{\"@context\":\"https:\/\/schema.org\",\"@graph\":[{\"@type\":\"WebPage\",\"@id\":\"https:\/\/mysticroom.dev.peterteszary.com\/szabaduloszobaepites\/\",\"url\":\"https:\/\/mysticroom.dev.peterteszary.com\/szabaduloszobaepites\/\",\"name\":\"Building an Escape Room - #1 Escape Room in Budapest Downtown - MystiqueRoom\",\"isPartOf\":{\"@id\":\"https:\/\/mysticroom.dev.peterteszary.com\/#website\"},\"primaryImageOfPage\":{\"@id\":\"https:\/\/mysticroom.dev.peterteszary.com\/szabaduloszobaepites\/#primaryimage\"},\"image\":{\"@id\":\"https:\/\/mysticroom.dev.peterteszary.com\/szabaduloszobaepites\/#primaryimage\"},\"thumbnailUrl\":\"https:\/\/mysticroom.dev.peterteszary.com\/wp-content\/uploads\/2022\/09\/elotte-utana2-300x56.png\",\"datePublished\":\"2024-02-21T10:35:01+00:00\",\"dateModified\":\"2024-03-11T13:05:16+00:00\",\"breadcrumb\":{\"@id\":\"https:\/\/mysticroom.dev.peterteszary.com\/szabaduloszobaepites\/#breadcrumb\"},\"inLanguage\":\"en-US\",\"potentialAction\":[{\"@type\":\"ReadAction\",\"target\":[\"https:\/\/mysticroom.dev.peterteszary.com\/szabaduloszobaepites\/\"]}]},{\"@type\":\"ImageObject\",\"inLanguage\":\"en-US\",\"@id\":\"https:\/\/mysticroom.dev.peterteszary.com\/szabaduloszobaepites\/#primaryimage\",\"url\":\"https:\/\/mysticroom.dev.peterteszary.com\/wp-content\/uploads\/2022\/09\/elotte-utana2-300x56.png\",\"contentUrl\":\"https:\/\/mysticroom.dev.peterteszary.com\/wp-content\/uploads\/2022\/09\/elotte-utana2-300x56.png\"},{\"@type\":\"BreadcrumbList\",\"@id\":\"https:\/\/mysticroom.dev.peterteszary.com\/szabaduloszobaepites\/#breadcrumb\",\"itemListElement\":[{\"@type\":\"ListItem\",\"position\":1,\"name\":\"Home\",\"item\":\"https:\/\/mysticroom.dev.peterteszary.com\/en\/\"},{\"@type\":\"ListItem\",\"position\":2,\"name\":\"Building an Escape Room\"}]},{\"@type\":\"WebSite\",\"@id\":\"https:\/\/mysticroom.dev.peterteszary.com\/#website\",\"url\":\"https:\/\/mysticroom.dev.peterteszary.com\/\",\"name\":\"#1 Escape Room in Budapest Downtown - MystiqueRoom\",\"description\":\"The point of an escape room game for a team is to escape from locked rooms within a specified time limit. The experience takes away players\u2019 real life worries and places them in a different world. If you\u2019re looking for something unique that will entertain both adults and kids, then Mystique Room is the best choice to spend quality time together.\",\"potentialAction\":[{\"@type\":\"SearchAction\",\"target\":{\"@type\":\"EntryPoint\",\"urlTemplate\":\"https:\/\/mysticroom.dev.peterteszary.com\/?s={search_term_string}\"},\"query-input\":{\"@type\":\"PropertyValueSpecification\",\"valueRequired\":true,\"valueName\":\"search_term_string\"}}],\"inLanguage\":\"en-US\"}]}<\/script>\n<!-- \/ Yoast SEO plugin. -->","yoast_head_json":{"title":"Building an Escape Room - #1 Escape Room in Budapest Downtown - MystiqueRoom","robots":{"index":"noindex","follow":"follow","max-snippet":"max-snippet:-1","max-image-preview":"max-image-preview:large","max-video-preview":"max-video-preview:-1"},"og_locale":"en_US","og_type":"article","og_title":"Building an Escape Room - #1 Escape Room in Budapest Downtown - MystiqueRoom","og_description":"Design and construction of ecsape rooms, from concept to reality! An escape room can be not only a stand-alone unit, but also an interactive and educational tool to bring any...","og_url":"https:\/\/mysticroom.dev.peterteszary.com\/szabaduloszobaepites\/","og_site_name":"#1 Escape Room in Budapest Downtown - MystiqueRoom","article_modified_time":"2024-03-11T13:05:16+00:00","og_image":[{"url":"https:\/\/mysticroom.dev.peterteszary.com\/wp-content\/uploads\/2022\/09\/elotte-utana2-300x56.png","type":"","width":"","height":""}],"twitter_card":"summary_large_image","twitter_misc":{"Est. reading time":"4 minutes"},"schema":{"@context":"https:\/\/schema.org","@graph":[{"@type":"WebPage","@id":"https:\/\/mysticroom.dev.peterteszary.com\/szabaduloszobaepites\/","url":"https:\/\/mysticroom.dev.peterteszary.com\/szabaduloszobaepites\/","name":"Building an Escape Room - #1 Escape Room in Budapest Downtown - MystiqueRoom","isPartOf":{"@id":"https:\/\/mysticroom.dev.peterteszary.com\/#website"},"primaryImageOfPage":{"@id":"https:\/\/mysticroom.dev.peterteszary.com\/szabaduloszobaepites\/#primaryimage"},"image":{"@id":"https:\/\/mysticroom.dev.peterteszary.com\/szabaduloszobaepites\/#primaryimage"},"thumbnailUrl":"https:\/\/mysticroom.dev.peterteszary.com\/wp-content\/uploads\/2022\/09\/elotte-utana2-300x56.png","datePublished":"2024-02-21T10:35:01+00:00","dateModified":"2024-03-11T13:05:16+00:00","breadcrumb":{"@id":"https:\/\/mysticroom.dev.peterteszary.com\/szabaduloszobaepites\/#breadcrumb"},"inLanguage":"en-US","potentialAction":[{"@type":"ReadAction","target":["https:\/\/mysticroom.dev.peterteszary.com\/szabaduloszobaepites\/"]}]},{"@type":"ImageObject","inLanguage":"en-US","@id":"https:\/\/mysticroom.dev.peterteszary.com\/szabaduloszobaepites\/#primaryimage","url":"https:\/\/mysticroom.dev.peterteszary.com\/wp-content\/uploads\/2022\/09\/elotte-utana2-300x56.png","contentUrl":"https:\/\/mysticroom.dev.peterteszary.com\/wp-content\/uploads\/2022\/09\/elotte-utana2-300x56.png"},{"@type":"BreadcrumbList","@id":"https:\/\/mysticroom.dev.peterteszary.com\/szabaduloszobaepites\/#breadcrumb","itemListElement":[{"@type":"ListItem","position":1,"name":"Home","item":"https:\/\/mysticroom.dev.peterteszary.com\/en\/"},{"@type":"ListItem","position":2,"name":"Building an Escape Room"}]},{"@type":"WebSite","@id":"https:\/\/mysticroom.dev.peterteszary.com\/#website","url":"https:\/\/mysticroom.dev.peterteszary.com\/","name":"#1 Escape Room in Budapest Downtown - MystiqueRoom","description":"The point of an escape room game for a team is to escape from locked rooms within a specified time limit. The experience takes away players\u2019 real life worries and places them in a different world. If you\u2019re looking for something unique that will entertain both adults and kids, then Mystique Room is the best choice to spend quality time together.","potentialAction":[{"@type":"SearchAction","target":{"@type":"EntryPoint","urlTemplate":"https:\/\/mysticroom.dev.peterteszary.com\/?s={search_term_string}"},"query-input":{"@type":"PropertyValueSpecification","valueRequired":true,"valueName":"search_term_string"}}],"inLanguage":"en-US"}]}},"_links":{"self":[{"href":"https:\/\/mysticroom.dev.peterteszary.com\/en\/wp-json\/wp\/v2\/pages\/2527","targetHints":{"allow":["GET"]}}],"collection":[{"href":"https:\/\/mysticroom.dev.peterteszary.com\/en\/wp-json\/wp\/v2\/pages"}],"about":[{"href":"https:\/\/mysticroom.dev.peterteszary.com\/en\/wp-json\/wp\/v2\/types\/page"}],"author":[{"embeddable":true,"href":"https:\/\/mysticroom.dev.peterteszary.com\/en\/wp-json\/wp\/v2\/users\/4"}],"replies":[{"embeddable":true,"href":"https:\/\/mysticroom.dev.peterteszary.com\/en\/wp-json\/wp\/v2\/comments?post=2527"}],"version-history":[{"count":9,"href":"https:\/\/mysticroom.dev.peterteszary.com\/en\/wp-json\/wp\/v2\/pages\/2527\/revisions"}],"predecessor-version":[{"id":2569,"href":"https:\/\/mysticroom.dev.peterteszary.com\/en\/wp-json\/wp\/v2\/pages\/2527\/revisions\/2569"}],"wp:attachment":[{"href":"https:\/\/mysticroom.dev.peterteszary.com\/en\/wp-json\/wp\/v2\/media?parent=2527"}],"curies":[{"name":"wp","href":"https:\/\/api.w.org\/{rel}","templated":true}]}}