

{"id":2,"date":"2020-05-19T10:32:49","date_gmt":"2020-05-19T10:32:49","guid":{"rendered":"https:\/\/mysticroom.dev.peterteszary.com\/?page_id=2"},"modified":"2020-08-29T10:12:00","modified_gmt":"2020-08-29T08:12:00","slug":"ez-egy-minta-oldal","status":"publish","type":"page","link":"https:\/\/mysticroom.dev.peterteszary.com\/ez-egy-minta-oldal\/","title":{"rendered":"Ez egy minta oldal"},"content":{"rendered":"\n<p>Ez egy mintaoldal. Az oldal k\u00fcl\u00f6nb\u00f6zik a bejegyz\u00e9st\u0151l annyiban, hogy az oldal egy \u00e1lland\u00f3 tartalm\u00fa bejegyz\u00e9s, ami &#8211; a legt\u00f6bb sablonn\u00e1l &#8211; a weboldal navig\u00e1ci\u00f3s r\u00e9sz\u00e9ben \u00e1lland\u00f3 helyen van.\nA legt\u00f6bb ember olyan Bemutatkoz\u00f3 oldallal kezd, amelyik bemutatja \u0151t, vagy a tev\u00e9kenys\u00e9g\u00e9t a weboldal l\u00e1togat\u00f3inak. A Bemutatkoz\u00e1s oldal valami ilyesmi lehet:<\/p>\n\n\n\n<div class=\"wpcf7 no-js\" id=\"wpcf7-f5-o1\" lang=\"hu-HU\" dir=\"ltr\" data-wpcf7-id=\"5\">\n<div class=\"screen-reader-response\"><p role=\"status\" aria-live=\"polite\" aria-atomic=\"true\"><\/p> <ul><\/ul><\/div>\n<form action=\"\/index.php?rest_route=%2Fwp%2Fv2%2Fpages%2F2#wpcf7-f5-o1\" method=\"post\" class=\"wpcf7-form init\" aria-label=\"Kapcsolatfelv\u00e9teli \u0171rlap\" novalidate=\"novalidate\" data-status=\"init\">\n<fieldset class=\"hidden-fields-container\"><input type=\"hidden\" name=\"_wpcf7\" value=\"5\" \/><input type=\"hidden\" name=\"_wpcf7_version\" value=\"6.1.4\" \/><input type=\"hidden\" name=\"_wpcf7_locale\" value=\"hu_HU\" \/><input type=\"hidden\" name=\"_wpcf7_unit_tag\" value=\"wpcf7-f5-o1\" \/><input type=\"hidden\" name=\"_wpcf7_container_post\" value=\"0\" \/><input type=\"hidden\" name=\"_wpcf7_posted_data_hash\" value=\"\" \/><input type=\"hidden\" name=\"_wpcf7_recaptcha_response\" value=\"\" \/>\n<\/fieldset>\n<div class=\"form-group text-left\">\n\t<p><label>N\u00e9v *<\/label><span class=\"wpcf7-form-control-wrap\" data-name=\"your-name\"><input size=\"40\" maxlength=\"400\" class=\"wpcf7-form-control wpcf7-text wpcf7-validates-as-required form-control\" aria-required=\"true\" aria-invalid=\"false\" value=\"\" type=\"text\" name=\"your-name\" \/><\/span>\n\t<\/p>\n<\/div>\n<div class=\"form-group text-left\">\n\t<p><label>E-mail *<\/label><span class=\"wpcf7-form-control-wrap\" data-name=\"your-email\"><input size=\"40\" maxlength=\"400\" class=\"wpcf7-form-control wpcf7-email wpcf7-validates-as-required wpcf7-text wpcf7-validates-as-email form-control\" aria-required=\"true\" aria-invalid=\"false\" value=\"\" type=\"email\" name=\"your-email\" \/><\/span>\n\t<\/p>\n<\/div>\n<div class=\"form-group text-left\">\n\t<p><label>Telefonsz\u00e1m *<\/label><span class=\"wpcf7-form-control-wrap\" data-name=\"your-phone\"><input size=\"40\" maxlength=\"400\" class=\"wpcf7-form-control wpcf7-text wpcf7-validates-as-required form-control\" aria-required=\"true\" aria-invalid=\"false\" value=\"\" type=\"text\" name=\"your-phone\" \/><\/span>\n\t<\/p>\n<\/div>\n<div class=\"form-group text-left\">\n\t<p><label>\u00dczenet *<\/label><span class=\"wpcf7-form-control-wrap\" data-name=\"your-message\"><textarea cols=\"40\" rows=\"10\" maxlength=\"2000\" class=\"wpcf7-form-control wpcf7-textarea wpcf7-validates-as-required form-control\" aria-required=\"true\" aria-invalid=\"false\" name=\"your-message\"><\/textarea><\/span>\n\t<\/p>\n<\/div>\n\n<div class=\"form-group form-check text-left mb-5\">\n\t<p><span class=\"wpcf7-form-control-wrap\" data-name=\"adatvedelmi\"><span class=\"wpcf7-form-control wpcf7-acceptance\"><span class=\"wpcf7-list-item\"><input type=\"checkbox\" name=\"adatvedelmi\" value=\"1\" class=\"form-check-input\" id=\"adatvedelmi-contact\" aria-invalid=\"false\" \/><\/span><\/span><\/span><label class=\"form-check-label text-white\" for=\"adatvedelmi-contact\">Elfogadom az adatv\u00e9delmi nyilatkozatot<\/label>\n\t<\/p>\n<\/div>\n<p><input class=\"wpcf7-form-control wpcf7-submit has-spinner btn btn-mystique-inverse-yellow\" type=\"submit\" value=\"K\u00fcld\u00e9s\" \/>\n<\/p><div class=\"wpcf7-response-output\" aria-hidden=\"true\"><\/div>\n<\/form>\n<\/div>\n\n\n\n\n<blockquote class=\"wp-block-quote is-layout-flow wp-block-quote-is-layout-flow\"><p>\u00dcdv\u00f6zlet az Olvas\u00f3knak! Nappal biciklis pizzafut\u00e1r vagyok, \u00e9jszaka pedig egy t\u00f6rekv\u0151 sz\u00edn\u00e9sz-tanonc, ez pedig az \u00e9n weboldalam.<br>Budapesten \u00e9lek \u00e9s van egy csod\u00e1latos n\u00e9met juh\u00e1sz kuty\u00e1m, aki Velorex n\u00e9vre hallgat. Kedvenc kokt\u00e9lom a Pi\u00f1a Colada, de a Mojitot is nagyon kedvelem. (De, az\u00e9rt az igazi ned\u0171: egy b\u00e1rsonyos v\u00f6r\u00f6sbor.)<\/p><\/blockquote>\n\n\n\n<p>&#8230;vagy valami eg\u00e9szen m\u00e1s:<\/p>\n\n\n\n<blockquote class=\"wp-block-quote is-layout-flow wp-block-quote-is-layout-flow\"><p>Az XYZ Bigy\u00f3 V\u00e1llalatot 1971-ben alap\u00edtott\u00e1k, az\u00f3ta gy\u00e1rtja a legjobb min\u0151s\u00e9g\u0171 bigy\u00f3kat. A c\u00e9g k\u00f6zpontja Budapesten tal\u00e1lhat\u00f3, ahol t\u00f6bb mint 2000 embert foglalkoztatnak, valamint sz\u00e1mos k\u00f6z\u00f6ss\u00e9gi \u00e9s j\u00f3t\u00e9konys\u00e1gi programban is akt\u00edvan r\u00e9sztvesznek.<\/p><\/blockquote>\n\n\n\n<p>\u00daj WordPress felhaszn\u00e1l\u00f3k\u00e9nt a <a href=\"https:\/\/mysticroom.dev.peterteszary.com\/wp-admin\/\">Vez\u00e9rl\u0151pult<\/a> r\u00e9szre ugorva lehet t\u00f6r\u00f6lni ezt az oldalt, \u00e9s l\u00e9trehozni egy \u00faja oldalt a saj\u00e1t tartalmunk r\u00e9sz\u00e9re. J\u00f3 sz\u00f3rakoz\u00e1st!<\/p>\n","protected":false},"excerpt":{"rendered":"<p>Ez egy mintaoldal. Az oldal k\u00fcl\u00f6nb\u00f6zik a bejegyz\u00e9st\u0151l annyiban, hogy az oldal egy \u00e1lland\u00f3 tartalm\u00fa bejegyz\u00e9s, ami &#8211; a legt\u00f6bb sablonn\u00e1l &#8211; a weboldal navig\u00e1ci\u00f3s r\u00e9sz\u00e9ben \u00e1lland\u00f3 helyen van. A&#8230;<\/p>\n","protected":false},"author":1,"featured_media":0,"parent":0,"menu_order":0,"comment_status":"closed","ping_status":"open","template":"","meta":{"inline_featured_image":false,"footnotes":""},"class_list":["post-2","page","type-page","status-publish"],"yoast_head":"<!-- This site is optimized with the Yoast SEO plugin v26.8 - https:\/\/yoast.com\/product\/yoast-seo-wordpress\/ -->\n<title>Ez egy minta oldal - #1 Szabadul\u00f3szoba Budapest Belv\u00e1ros\u00e1ban - MystiqueRoom<\/title>\n<meta name=\"robots\" content=\"noindex, follow, max-snippet:-1, max-image-preview:large, max-video-preview:-1\" \/>\n<meta property=\"og:locale\" content=\"hu_HU\" \/>\n<meta property=\"og:type\" content=\"article\" \/>\n<meta property=\"og:title\" content=\"Ez egy minta oldal - #1 Szabadul\u00f3szoba Budapest Belv\u00e1ros\u00e1ban - MystiqueRoom\" \/>\n<meta property=\"og:description\" content=\"Ez egy mintaoldal. Az oldal k\u00fcl\u00f6nb\u00f6zik a bejegyz\u00e9st\u0151l annyiban, hogy az oldal egy \u00e1lland\u00f3 tartalm\u00fa bejegyz\u00e9s, ami &#8211; a legt\u00f6bb sablonn\u00e1l &#8211; a weboldal navig\u00e1ci\u00f3s r\u00e9sz\u00e9ben \u00e1lland\u00f3 helyen van. A...\" \/>\n<meta property=\"og:url\" content=\"https:\/\/mysticroom.dev.peterteszary.com\/ez-egy-minta-oldal\/\" \/>\n<meta property=\"og:site_name\" content=\"#1 Szabadul\u00f3szoba Budapest Belv\u00e1ros\u00e1ban - MystiqueRoom\" \/>\n<meta property=\"article:modified_time\" content=\"2020-08-29T08:12:00+00:00\" \/>\n<meta name=\"twitter:card\" content=\"summary_large_image\" \/>\n<meta name=\"twitter:label1\" content=\"Becs\u00fclt olvas\u00e1si id\u0151\" \/>\n\t<meta name=\"twitter:data1\" content=\"1 perc\" \/>\n<script type=\"application\/ld+json\" class=\"yoast-schema-graph\">{\"@context\":\"https:\/\/schema.org\",\"@graph\":[{\"@type\":\"WebPage\",\"@id\":\"https:\/\/mysticroom.dev.peterteszary.com\/ez-egy-minta-oldal\/\",\"url\":\"https:\/\/mysticroom.dev.peterteszary.com\/ez-egy-minta-oldal\/\",\"name\":\"Ez egy minta oldal - #1 Szabadul\u00f3szoba Budapest Belv\u00e1ros\u00e1ban - MystiqueRoom\",\"isPartOf\":{\"@id\":\"https:\/\/mysticroom.dev.peterteszary.com\/#website\"},\"datePublished\":\"2020-05-19T10:32:49+00:00\",\"dateModified\":\"2020-08-29T08:12:00+00:00\",\"breadcrumb\":{\"@id\":\"https:\/\/mysticroom.dev.peterteszary.com\/ez-egy-minta-oldal\/#breadcrumb\"},\"inLanguage\":\"hu\",\"potentialAction\":[{\"@type\":\"ReadAction\",\"target\":[\"https:\/\/mysticroom.dev.peterteszary.com\/ez-egy-minta-oldal\/\"]}]},{\"@type\":\"BreadcrumbList\",\"@id\":\"https:\/\/mysticroom.dev.peterteszary.com\/ez-egy-minta-oldal\/#breadcrumb\",\"itemListElement\":[{\"@type\":\"ListItem\",\"position\":1,\"name\":\"Home\",\"item\":\"https:\/\/mysticroom.dev.peterteszary.com\/\"},{\"@type\":\"ListItem\",\"position\":2,\"name\":\"Ez egy minta oldal\"}]},{\"@type\":\"WebSite\",\"@id\":\"https:\/\/mysticroom.dev.peterteszary.com\/#website\",\"url\":\"https:\/\/mysticroom.dev.peterteszary.com\/\",\"name\":\"#1 Szabadul\u00f3szoba Budapest Belv\u00e1ros\u00e1ban - MystiqueRoom\",\"description\":\"Egy igazi csapatj\u00e1t\u00e9k, ha valami igaz\u00e1n izgalmasra \u00e9s egyedire v\u00e1gysz. 2012-ben ny\u00edlt meg az els\u0151 szabadul\u00f3szoba Budapesten. K\u00fclf\u00f6ldi tanulm\u00e1nyokban is kiemelt\u00e9k m\u00e1r, hogy a magyar szabadul\u00f3szob\u00e1k k\u00fcl\u00f6n\u00f6sen \u00f6tletesnek \u00e9s egyedinek sz\u00e1m\u00edtanak a szabadul\u00f3szobapiacon.\",\"potentialAction\":[{\"@type\":\"SearchAction\",\"target\":{\"@type\":\"EntryPoint\",\"urlTemplate\":\"https:\/\/mysticroom.dev.peterteszary.com\/?s={search_term_string}\"},\"query-input\":{\"@type\":\"PropertyValueSpecification\",\"valueRequired\":true,\"valueName\":\"search_term_string\"}}],\"inLanguage\":\"hu\"}]}<\/script>\n<!-- \/ Yoast SEO plugin. -->","yoast_head_json":{"title":"Ez egy minta oldal - #1 Szabadul\u00f3szoba Budapest Belv\u00e1ros\u00e1ban - MystiqueRoom","robots":{"index":"noindex","follow":"follow","max-snippet":"max-snippet:-1","max-image-preview":"max-image-preview:large","max-video-preview":"max-video-preview:-1"},"og_locale":"hu_HU","og_type":"article","og_title":"Ez egy minta oldal - #1 Szabadul\u00f3szoba Budapest Belv\u00e1ros\u00e1ban - MystiqueRoom","og_description":"Ez egy mintaoldal. Az oldal k\u00fcl\u00f6nb\u00f6zik a bejegyz\u00e9st\u0151l annyiban, hogy az oldal egy \u00e1lland\u00f3 tartalm\u00fa bejegyz\u00e9s, ami &#8211; a legt\u00f6bb sablonn\u00e1l &#8211; a weboldal navig\u00e1ci\u00f3s r\u00e9sz\u00e9ben \u00e1lland\u00f3 helyen van. A...","og_url":"https:\/\/mysticroom.dev.peterteszary.com\/ez-egy-minta-oldal\/","og_site_name":"#1 Szabadul\u00f3szoba Budapest Belv\u00e1ros\u00e1ban - MystiqueRoom","article_modified_time":"2020-08-29T08:12:00+00:00","twitter_card":"summary_large_image","twitter_misc":{"Becs\u00fclt olvas\u00e1si id\u0151":"1 perc"},"schema":{"@context":"https:\/\/schema.org","@graph":[{"@type":"WebPage","@id":"https:\/\/mysticroom.dev.peterteszary.com\/ez-egy-minta-oldal\/","url":"https:\/\/mysticroom.dev.peterteszary.com\/ez-egy-minta-oldal\/","name":"Ez egy minta oldal - #1 Szabadul\u00f3szoba Budapest Belv\u00e1ros\u00e1ban - MystiqueRoom","isPartOf":{"@id":"https:\/\/mysticroom.dev.peterteszary.com\/#website"},"datePublished":"2020-05-19T10:32:49+00:00","dateModified":"2020-08-29T08:12:00+00:00","breadcrumb":{"@id":"https:\/\/mysticroom.dev.peterteszary.com\/ez-egy-minta-oldal\/#breadcrumb"},"inLanguage":"hu","potentialAction":[{"@type":"ReadAction","target":["https:\/\/mysticroom.dev.peterteszary.com\/ez-egy-minta-oldal\/"]}]},{"@type":"BreadcrumbList","@id":"https:\/\/mysticroom.dev.peterteszary.com\/ez-egy-minta-oldal\/#breadcrumb","itemListElement":[{"@type":"ListItem","position":1,"name":"Home","item":"https:\/\/mysticroom.dev.peterteszary.com\/"},{"@type":"ListItem","position":2,"name":"Ez egy minta oldal"}]},{"@type":"WebSite","@id":"https:\/\/mysticroom.dev.peterteszary.com\/#website","url":"https:\/\/mysticroom.dev.peterteszary.com\/","name":"#1 Szabadul\u00f3szoba Budapest Belv\u00e1ros\u00e1ban - MystiqueRoom","description":"Egy igazi csapatj\u00e1t\u00e9k, ha valami igaz\u00e1n izgalmasra \u00e9s egyedire v\u00e1gysz. 2012-ben ny\u00edlt meg az els\u0151 szabadul\u00f3szoba Budapesten. K\u00fclf\u00f6ldi tanulm\u00e1nyokban is kiemelt\u00e9k m\u00e1r, hogy a magyar szabadul\u00f3szob\u00e1k k\u00fcl\u00f6n\u00f6sen \u00f6tletesnek \u00e9s egyedinek sz\u00e1m\u00edtanak a szabadul\u00f3szobapiacon.","potentialAction":[{"@type":"SearchAction","target":{"@type":"EntryPoint","urlTemplate":"https:\/\/mysticroom.dev.peterteszary.com\/?s={search_term_string}"},"query-input":{"@type":"PropertyValueSpecification","valueRequired":true,"valueName":"search_term_string"}}],"inLanguage":"hu"}]}},"_links":{"self":[{"href":"https:\/\/mysticroom.dev.peterteszary.com\/wp-json\/wp\/v2\/pages\/2","targetHints":{"allow":["GET"]}}],"collection":[{"href":"https:\/\/mysticroom.dev.peterteszary.com\/wp-json\/wp\/v2\/pages"}],"about":[{"href":"https:\/\/mysticroom.dev.peterteszary.com\/wp-json\/wp\/v2\/types\/page"}],"author":[{"embeddable":true,"href":"https:\/\/mysticroom.dev.peterteszary.com\/wp-json\/wp\/v2\/users\/1"}],"replies":[{"embeddable":true,"href":"https:\/\/mysticroom.dev.peterteszary.com\/wp-json\/wp\/v2\/comments?post=2"}],"version-history":[{"count":1,"href":"https:\/\/mysticroom.dev.peterteszary.com\/wp-json\/wp\/v2\/pages\/2\/revisions"}],"predecessor-version":[{"id":118,"href":"https:\/\/mysticroom.dev.peterteszary.com\/wp-json\/wp\/v2\/pages\/2\/revisions\/118"}],"wp:attachment":[{"href":"https:\/\/mysticroom.dev.peterteszary.com\/wp-json\/wp\/v2\/media?parent=2"}],"curies":[{"name":"wp","href":"https:\/\/api.w.org\/{rel}","templated":true}]}}